{"id":11,"date":"2024-04-16T13:52:42","date_gmt":"2024-04-16T10:52:42","guid":{"rendered":"https:\/\/decor.ustalar.com\/?page_id=11"},"modified":"2024-04-16T13:57:26","modified_gmt":"2024-04-16T10:57:26","slug":"isiticilar","status":"publish","type":"page","link":"https:\/\/decor.ustalar.com\/?page_id=11","title":{"rendered":"ISITICILAR"},"content":{"rendered":"\n<figure class=\"wp-block-gallery has-nested-images columns-default is-cropped wp-block-gallery-1 is-layout-flex wp-block-gallery-is-layout-flex\">\n<figure class=\"wp-block-image size-large\"><a href=\"https:\/\/www.turkeyexpotrade.com\/index.php?route=product\/product&amp;product_id=652\"><img loading=\"lazy\" decoding=\"async\" width=\"768\" height=\"768\" data-id=\"27\" src=\"https:\/\/decor.ustalar.com\/wp-content\/uploads\/2024\/04\/borulu-radyant-isiticilari-1.jpg\" alt=\"\" class=\"wp-image-27\" srcset=\"https:\/\/decor.ustalar.com\/wp-content\/uploads\/2024\/04\/borulu-radyant-isiticilari-1.jpg 768w, https:\/\/decor.ustalar.com\/wp-content\/uploads\/2024\/04\/borulu-radyant-isiticilari-1-300x300.jpg 300w, https:\/\/decor.ustalar.com\/wp-content\/uploads\/2024\/04\/borulu-radyant-isiticilari-1-150x150.jpg 150w\" sizes=\"auto, (max-width: 768px) 100vw, 768px\" \/><\/a><figcaption class=\"wp-element-caption\"><strong>Boru Tipi Radyant Is\u0131t\u0131c\u0131lar\u0131<\/strong><\/figcaption><\/figure>\n\n\n\n<figure class=\"wp-block-image size-large\"><img loading=\"lazy\" decoding=\"async\" width=\"1024\" height=\"426\" data-id=\"26\" src=\"https:\/\/decor.ustalar.com\/wp-content\/uploads\/2024\/04\/borulu-radyant-isiticilari-2-1024x426.jpg\" alt=\"\" class=\"wp-image-26\" srcset=\"https:\/\/decor.ustalar.com\/wp-content\/uploads\/2024\/04\/borulu-radyant-isiticilari-2-1024x426.jpg 1024w, https:\/\/decor.ustalar.com\/wp-content\/uploads\/2024\/04\/borulu-radyant-isiticilari-2-300x125.jpg 300w, https:\/\/decor.ustalar.com\/wp-content\/uploads\/2024\/04\/borulu-radyant-isiticilari-2-768x320.jpg 768w, https:\/\/decor.ustalar.com\/wp-content\/uploads\/2024\/04\/borulu-radyant-isiticilari-2.jpg 1064w\" sizes=\"auto, (max-width: 1024px) 100vw, 1024px\" \/><\/figure>\n\n\n\n<figure class=\"wp-block-image size-large\"><img loading=\"lazy\" decoding=\"async\" width=\"768\" height=\"313\" data-id=\"28\" src=\"https:\/\/decor.ustalar.com\/wp-content\/uploads\/2024\/04\/kafe-resturant-isiticilari-1.png\" alt=\"\" class=\"wp-image-28\" srcset=\"https:\/\/decor.ustalar.com\/wp-content\/uploads\/2024\/04\/kafe-resturant-isiticilari-1.png 768w, https:\/\/decor.ustalar.com\/wp-content\/uploads\/2024\/04\/kafe-resturant-isiticilari-1-300x122.png 300w\" sizes=\"auto, (max-width: 768px) 100vw, 768px\" \/><\/figure>\n\n\n\n<figure class=\"wp-block-image size-large\"><img loading=\"lazy\" decoding=\"async\" width=\"768\" height=\"320\" data-id=\"29\" src=\"https:\/\/decor.ustalar.com\/wp-content\/uploads\/2024\/04\/kafe-resturant-isiticilari-2.png\" alt=\"\" class=\"wp-image-29\" srcset=\"https:\/\/decor.ustalar.com\/wp-content\/uploads\/2024\/04\/kafe-resturant-isiticilari-2.png 768w, https:\/\/decor.ustalar.com\/wp-content\/uploads\/2024\/04\/kafe-resturant-isiticilari-2-300x125.png 300w\" sizes=\"auto, (max-width: 768px) 100vw, 768px\" \/><\/figure>\n\n\n\n<figure class=\"wp-block-image size-large\"><img loading=\"lazy\" decoding=\"async\" width=\"768\" height=\"320\" data-id=\"30\" src=\"https:\/\/decor.ustalar.com\/wp-content\/uploads\/2024\/04\/kafe-resturant-isiticilari-3.png\" alt=\"\" class=\"wp-image-30\" srcset=\"https:\/\/decor.ustalar.com\/wp-content\/uploads\/2024\/04\/kafe-resturant-isiticilari-3.png 768w, https:\/\/decor.ustalar.com\/wp-content\/uploads\/2024\/04\/kafe-resturant-isiticilari-3-300x125.png 300w\" sizes=\"auto, (max-width: 768px) 100vw, 768px\" \/><\/figure>\n\n\n\n<figure class=\"wp-block-image size-large\"><img loading=\"lazy\" decoding=\"async\" width=\"1024\" height=\"1024\" data-id=\"31\" src=\"https:\/\/decor.ustalar.com\/wp-content\/uploads\/2024\/04\/elektrikli-infared-isiticilar-1-1024x1024.png\" alt=\"\" class=\"wp-image-31\" srcset=\"https:\/\/decor.ustalar.com\/wp-content\/uploads\/2024\/04\/elektrikli-infared-isiticilar-1-1024x1024.png 1024w, https:\/\/decor.ustalar.com\/wp-content\/uploads\/2024\/04\/elektrikli-infared-isiticilar-1-300x300.png 300w, https:\/\/decor.ustalar.com\/wp-content\/uploads\/2024\/04\/elektrikli-infared-isiticilar-1-150x150.png 150w, https:\/\/decor.ustalar.com\/wp-content\/uploads\/2024\/04\/elektrikli-infared-isiticilar-1-768x768.png 768w, https:\/\/decor.ustalar.com\/wp-content\/uploads\/2024\/04\/elektrikli-infared-isiticilar-1.png 1080w\" sizes=\"auto, (max-width: 1024px) 100vw, 1024px\" \/><\/figure>\n\n\n\n<figure class=\"wp-block-image size-large\"><img loading=\"lazy\" decoding=\"async\" width=\"768\" height=\"768\" data-id=\"32\" src=\"https:\/\/decor.ustalar.com\/wp-content\/uploads\/2024\/04\/elektrikli-infared-isiticilar-2.png\" alt=\"\" class=\"wp-image-32\" srcset=\"https:\/\/decor.ustalar.com\/wp-content\/uploads\/2024\/04\/elektrikli-infared-isiticilar-2.png 768w, https:\/\/decor.ustalar.com\/wp-content\/uploads\/2024\/04\/elektrikli-infared-isiticilar-2-300x300.png 300w, https:\/\/decor.ustalar.com\/wp-content\/uploads\/2024\/04\/elektrikli-infared-isiticilar-2-150x150.png 150w\" sizes=\"auto, (max-width: 768px) 100vw, 768px\" \/><\/figure>\n\n\n\n<figure class=\"wp-block-image size-large\"><img loading=\"lazy\" decoding=\"async\" width=\"768\" height=\"768\" data-id=\"33\" src=\"https:\/\/decor.ustalar.com\/wp-content\/uploads\/2024\/04\/elektrikli-infared-isiticilar-3.png\" alt=\"\" class=\"wp-image-33\" srcset=\"https:\/\/decor.ustalar.com\/wp-content\/uploads\/2024\/04\/elektrikli-infared-isiticilar-3.png 768w, https:\/\/decor.ustalar.com\/wp-content\/uploads\/2024\/04\/elektrikli-infared-isiticilar-3-300x300.png 300w, https:\/\/decor.ustalar.com\/wp-content\/uploads\/2024\/04\/elektrikli-infared-isiticilar-3-150x150.png 150w\" sizes=\"auto, (max-width: 768px) 100vw, 768px\" \/><\/figure>\n\n\n\n<figure class=\"wp-block-image size-large\"><img loading=\"lazy\" decoding=\"async\" width=\"768\" height=\"768\" data-id=\"34\" src=\"https:\/\/decor.ustalar.com\/wp-content\/uploads\/2024\/04\/elektrikli-infared-isiticilar-4.png\" alt=\"\" class=\"wp-image-34\" srcset=\"https:\/\/decor.ustalar.com\/wp-content\/uploads\/2024\/04\/elektrikli-infared-isiticilar-4.png 768w, https:\/\/decor.ustalar.com\/wp-content\/uploads\/2024\/04\/elektrikli-infared-isiticilar-4-300x300.png 300w, https:\/\/decor.ustalar.com\/wp-content\/uploads\/2024\/04\/elektrikli-infared-isiticilar-4-150x150.png 150w\" sizes=\"auto, (max-width: 768px) 100vw, 768px\" \/><\/figure>\n\n\n\n<figure class=\"wp-block-image size-large\"><img loading=\"lazy\" decoding=\"async\" width=\"1024\" height=\"426\" data-id=\"35\" src=\"https:\/\/decor.ustalar.com\/wp-content\/uploads\/2024\/04\/sanayitipiisitici-1024x426.jpg\" alt=\"\" class=\"wp-image-35\" srcset=\"https:\/\/decor.ustalar.com\/wp-content\/uploads\/2024\/04\/sanayitipiisitici-1024x426.jpg 1024w, https:\/\/decor.ustalar.com\/wp-content\/uploads\/2024\/04\/sanayitipiisitici-300x125.jpg 300w, https:\/\/decor.ustalar.com\/wp-content\/uploads\/2024\/04\/sanayitipiisitici-768x320.jpg 768w, https:\/\/decor.ustalar.com\/wp-content\/uploads\/2024\/04\/sanayitipiisitici.jpg 1064w\" sizes=\"auto, (max-width: 1024px) 100vw, 1024px\" \/><figcaption class=\"wp-element-caption\">xr:d:DAEOhO9OMCQ:115,j:32012219248,t:22080213<\/figcaption><\/figure>\n\n\n\n<figure class=\"wp-block-image size-large\"><img loading=\"lazy\" decoding=\"async\" width=\"768\" height=\"506\" data-id=\"36\" src=\"https:\/\/decor.ustalar.com\/wp-content\/uploads\/2024\/04\/DEBB0897-1-768x506-1.jpg\" alt=\"\" class=\"wp-image-36\" srcset=\"https:\/\/decor.ustalar.com\/wp-content\/uploads\/2024\/04\/DEBB0897-1-768x506-1.jpg 768w, https:\/\/decor.ustalar.com\/wp-content\/uploads\/2024\/04\/DEBB0897-1-768x506-1-300x198.jpg 300w\" sizes=\"auto, (max-width: 768px) 100vw, 768px\" \/><\/figure>\n\n\n\n<figure class=\"wp-block-image size-large\"><img loading=\"lazy\" decoding=\"async\" width=\"1024\" height=\"426\" data-id=\"37\" src=\"https:\/\/decor.ustalar.com\/wp-content\/uploads\/2024\/04\/gunes-hava-panelleri-1024x426.png\" alt=\"\" class=\"wp-image-37\" srcset=\"https:\/\/decor.ustalar.com\/wp-content\/uploads\/2024\/04\/gunes-hava-panelleri-1024x426.png 1024w, https:\/\/decor.ustalar.com\/wp-content\/uploads\/2024\/04\/gunes-hava-panelleri-300x125.png 300w, https:\/\/decor.ustalar.com\/wp-content\/uploads\/2024\/04\/gunes-hava-panelleri-768x320.png 768w, https:\/\/decor.ustalar.com\/wp-content\/uploads\/2024\/04\/gunes-hava-panelleri.png 1064w\" sizes=\"auto, (max-width: 1024px) 100vw, 1024px\" \/><\/figure>\n\n\n\n<figure class=\"wp-block-image size-large\"><img loading=\"lazy\" decoding=\"async\" width=\"768\" height=\"506\" data-id=\"38\" src=\"https:\/\/decor.ustalar.com\/wp-content\/uploads\/2024\/04\/sicak-hava-ufleyici.jpg\" alt=\"\" class=\"wp-image-38\" srcset=\"https:\/\/decor.ustalar.com\/wp-content\/uploads\/2024\/04\/sicak-hava-ufleyici.jpg 768w, https:\/\/decor.ustalar.com\/wp-content\/uploads\/2024\/04\/sicak-hava-ufleyici-300x198.jpg 300w\" sizes=\"auto, (max-width: 768px) 100vw, 768px\" \/><\/figure>\n<\/figure>\n","protected":false},"excerpt":{"rendered":"","protected":false},"author":1,"featured_media":0,"parent":0,"menu_order":0,"comment_status":"closed","ping_status":"closed","template":"templates\/template-page-full-width.php","meta":{"footnotes":""},"class_list":["post-11","page","type-page","status-publish","hentry"],"_links":{"self":[{"href":"https:\/\/decor.ustalar.com\/index.php?rest_route=\/wp\/v2\/pages\/11","targetHints":{"allow":["GET"]}}],"collection":[{"href":"https:\/\/decor.ustalar.com\/index.php?rest_route=\/wp\/v2\/pages"}],"about":[{"href":"https:\/\/decor.ustalar.com\/index.php?rest_route=\/wp\/v2\/types\/page"}],"author":[{"embeddable":true,"href":"https:\/\/decor.ustalar.com\/index.php?rest_route=\/wp\/v2\/users\/1"}],"replies":[{"embeddable":true,"href":"https:\/\/decor.ustalar.com\/index.php?rest_route=%2Fwp%2Fv2%2Fcomments&post=11"}],"version-history":[{"count":3,"href":"https:\/\/decor.ustalar.com\/index.php?rest_route=\/wp\/v2\/pages\/11\/revisions"}],"predecessor-version":[{"id":43,"href":"https:\/\/decor.ustalar.com\/index.php?rest_route=\/wp\/v2\/pages\/11\/revisions\/43"}],"wp:attachment":[{"href":"https:\/\/decor.ustalar.com\/index.php?rest_route=%2Fwp%2Fv2%2Fmedia&parent=11"}],"curies":[{"name":"wp","href":"https:\/\/api.w.org\/{rel}","templated":true}]}}